{"id":662,"date":"2022-05-03T10:42:40","date_gmt":"2022-05-03T13:42:40","guid":{"rendered":"https:\/\/cbl.org.br\/?page_id=662"},"modified":"2026-03-25T14:53:41","modified_gmt":"2026-03-25T17:53:41","slug":"comissoes","status":"publish","type":"page","link":"https:\/\/cbl.org.br\/es\/comissoes\/","title":{"rendered":"Comit\u00e9s de trabajo"},"content":{"rendered":"<p>Con el fin de proponer, analizar, discutir tendencias y acompa\u00f1ar proyectos importantes para el mercado editorial, los Comit\u00e9s de Trabajo est\u00e1n formados por directores, asociados y t\u00e9cnicos con inter\u00e9s, conocimiento y experiencia. Estos grupos se re\u00fanen en el CBL con la responsabilidad efectiva de se\u00f1alar los mejores caminos para la toma de decisiones.<\/p>","protected":false},"excerpt":{"rendered":"<p>Con el fin de proponer, analizar, discutir tendencias y acompa\u00f1ar proyectos importantes para el mercado editorial, los Comit\u00e9s de Trabajo est\u00e1n formados por directores, asociados y t\u00e9cnicos con inter\u00e9s, conocimiento y experiencia. Estos grupos se re\u00fanen en el CBL con la responsabilidad efectiva de se\u00f1alar los mejores caminos para la toma de decisiones.<\/p>","protected":false},"author":1,"featured_media":0,"parent":0,"menu_order":0,"comment_status":"closed","ping_status":"closed","template":"","meta":{"_acf_changed":false,"footnotes":""},"class_list":["post-662","page","type-page","status-publish","hentry"],"acf":[],"_links":{"self":[{"href":"https:\/\/cbl.org.br\/es\/wp-json\/wp\/v2\/pages\/662","targetHints":{"allow":["GET"]}}],"collection":[{"href":"https:\/\/cbl.org.br\/es\/wp-json\/wp\/v2\/pages"}],"about":[{"href":"https:\/\/cbl.org.br\/es\/wp-json\/wp\/v2\/types\/page"}],"author":[{"embeddable":true,"href":"https:\/\/cbl.org.br\/es\/wp-json\/wp\/v2\/users\/1"}],"replies":[{"embeddable":true,"href":"https:\/\/cbl.org.br\/es\/wp-json\/wp\/v2\/comments?post=662"}],"version-history":[{"count":89,"href":"https:\/\/cbl.org.br\/es\/wp-json\/wp\/v2\/pages\/662\/revisions"}],"predecessor-version":[{"id":126612,"href":"https:\/\/cbl.org.br\/es\/wp-json\/wp\/v2\/pages\/662\/revisions\/126612"}],"wp:attachment":[{"href":"https:\/\/cbl.org.br\/es\/wp-json\/wp\/v2\/media?parent=662"}],"curies":[{"name":"wp","href":"https:\/\/api.w.org\/{rel}","templated":true}]}}