{"id":55975,"date":"2022-04-14T09:13:53","date_gmt":"2022-04-14T12:13:53","guid":{"rendered":"https:\/\/cbl.org.br\/?page_id=55975"},"modified":"2022-08-30T19:04:36","modified_gmt":"2022-08-30T22:04:36","slug":"contato","status":"publish","type":"page","link":"https:\/\/cbl.org.br\/es\/contato\/","title":{"rendered":"Cont\u00e1ctanos"},"content":{"rendered":"<p>[msdyncrm_form entity=\"lead\" name=\"Novo Formul\u00e1rio\" mode=\"create\" captcha=\"false\" message=\"Obrigado, logo entraremos em contato\" hide_form=\"true\"]<\/p>\n<p>&lt;p class=\"avisocontato2\"&gt;A CBL est\u00e1 comprometida a respeitar a sua privacidade, utilizaremos seus dados para marketing. Voc\u00ea pode alterar suas prefer\u00eancias a qualquer momento.&lt;\/p&gt;<\/p>\n","protected":false},"excerpt":{"rendered":"<p>[msdyncrm_form entity=\"lead\" name=\"Novo Formul\u00e1rio\" mode=\"create\" captcha=\"false\" message=\"Obrigado, logo entraremos em contato\" hide_form=\"true\"] &lt;p class=\"avisocontato2\"&gt;A CBL est\u00e1 comprometida a respeitar a sua privacidade, utilizaremos seus dados para marketing. Voc\u00ea pode alterar suas prefer\u00eancias a qualquer momento.&lt;\/p&gt;<\/p>\n","protected":false},"author":1,"featured_media":0,"parent":0,"menu_order":0,"comment_status":"closed","ping_status":"closed","template":"","meta":{"_acf_changed":false,"footnotes":""},"class_list":["post-55975","page","type-page","status-publish","hentry"],"acf":[],"_links":{"self":[{"href":"https:\/\/cbl.org.br\/es\/wp-json\/wp\/v2\/pages\/55975","targetHints":{"allow":["GET"]}}],"collection":[{"href":"https:\/\/cbl.org.br\/es\/wp-json\/wp\/v2\/pages"}],"about":[{"href":"https:\/\/cbl.org.br\/es\/wp-json\/wp\/v2\/types\/page"}],"author":[{"embeddable":true,"href":"https:\/\/cbl.org.br\/es\/wp-json\/wp\/v2\/users\/1"}],"replies":[{"embeddable":true,"href":"https:\/\/cbl.org.br\/es\/wp-json\/wp\/v2\/comments?post=55975"}],"version-history":[{"count":7,"href":"https:\/\/cbl.org.br\/es\/wp-json\/wp\/v2\/pages\/55975\/revisions"}],"predecessor-version":[{"id":56796,"href":"https:\/\/cbl.org.br\/es\/wp-json\/wp\/v2\/pages\/55975\/revisions\/56796"}],"wp:attachment":[{"href":"https:\/\/cbl.org.br\/es\/wp-json\/wp\/v2\/media?parent=55975"}],"curies":[{"name":"wp","href":"https:\/\/api.w.org\/{rel}","templated":true}]}}