{"id":56837,"date":"2022-08-31T12:15:22","date_gmt":"2022-08-31T15:15:22","guid":{"rendered":"https:\/\/cbl.org.br\/?page_id=56837"},"modified":"2022-08-31T12:29:57","modified_gmt":"2022-08-31T15:29:57","slug":"nova-pagina-producao-e-vendas","status":"publish","type":"page","link":"https:\/\/cbl.org.br\/en\/nova-pagina-producao-e-vendas\/","title":{"rendered":"Nova p\u00e1gina Produ\u00e7\u00e3o e Vendas"},"content":{"rendered":"","protected":false},"excerpt":{"rendered":"","protected":false},"author":3,"featured_media":0,"parent":0,"menu_order":0,"comment_status":"closed","ping_status":"closed","template":"","meta":{"_acf_changed":false,"footnotes":""},"class_list":["post-56837","page","type-page","status-publish","hentry"],"acf":[],"_links":{"self":[{"href":"https:\/\/cbl.org.br\/en\/wp-json\/wp\/v2\/pages\/56837","targetHints":{"allow":["GET"]}}],"collection":[{"href":"https:\/\/cbl.org.br\/en\/wp-json\/wp\/v2\/pages"}],"about":[{"href":"https:\/\/cbl.org.br\/en\/wp-json\/wp\/v2\/types\/page"}],"author":[{"embeddable":true,"href":"https:\/\/cbl.org.br\/en\/wp-json\/wp\/v2\/users\/3"}],"replies":[{"embeddable":true,"href":"https:\/\/cbl.org.br\/en\/wp-json\/wp\/v2\/comments?post=56837"}],"version-history":[{"count":1,"href":"https:\/\/cbl.org.br\/en\/wp-json\/wp\/v2\/pages\/56837\/revisions"}],"predecessor-version":[{"id":56838,"href":"https:\/\/cbl.org.br\/en\/wp-json\/wp\/v2\/pages\/56837\/revisions\/56838"}],"wp:attachment":[{"href":"https:\/\/cbl.org.br\/en\/wp-json\/wp\/v2\/media?parent=56837"}],"curies":[{"name":"wp","href":"https:\/\/api.w.org\/{rel}","templated":true}]}}